{"id":2,"date":"2025-05-13T09:33:29","date_gmt":"2025-05-13T09:33:29","guid":{"rendered":"https:\/\/alpelopeluqueras.rkinformatika.online\/?page_id=2"},"modified":"2025-05-16T16:05:25","modified_gmt":"2025-05-16T16:05:25","slug":"inicio","status":"publish","type":"page","link":"https:\/\/alpelopeluqueras.com\/eu\/","title":{"rendered":"Hasiera"},"content":{"rendered":"<div data-elementor-type=\"wp-page\" data-elementor-id=\"2\" class=\"elementor elementor-2\" data-elementor-post-type=\"page\">\n\t\t\t\t<div class=\"elementor-element elementor-element-3fc6b55 e-con-full e-flex e-con e-parent\" data-id=\"3fc6b55\" data-element_type=\"container\" data-e-type=\"container\" data-settings=\"{&quot;background_background&quot;:&quot;classic&quot;}\">\n\t\t<div class=\"elementor-element elementor-element-304c38f e-flex e-con-boxed e-con e-child\" data-id=\"304c38f\" data-element_type=\"container\" data-e-type=\"container\" data-settings=\"{&quot;background_background&quot;:&quot;classic&quot;}\">\n\t\t\t\t\t<div class=\"e-con-inner\">\n\t\t\t\t<div class=\"elementor-element elementor-element-10361e3 elementor-invisible elementor-widget elementor-widget-heading\" data-id=\"10361e3\" data-element_type=\"widget\" data-e-type=\"widget\" data-settings=\"{&quot;_animation&quot;:&quot;fadeInDown&quot;}\" data-widget_type=\"heading.default\">\n\t\t\t\t<div class=\"elementor-widget-container\">\n\t\t\t\t\t<h2 class=\"elementor-heading-title elementor-size-default\">ONGI ETORRI ILEAPAINDEGIRA AL PELO<\/h2>\t\t\t\t<\/div>\n\t\t\t\t<\/div>\n\t\t\t\t<div class=\"elementor-element elementor-element-8a3f455 elementor-invisible elementor-widget elementor-widget-heading\" data-id=\"8a3f455\" data-element_type=\"widget\" data-e-type=\"widget\" data-settings=\"{&quot;_animation&quot;:&quot;fadeInDown&quot;}\" data-widget_type=\"heading.default\">\n\t\t\t\t<div class=\"elementor-widget-container\">\n\t\t\t\t\t<h2 class=\"elementor-heading-title elementor-size-default\">Non zure estiloa esperientziaz, mimoz eta dedikazio handiz zaintzen den.<\/h2>\t\t\t\t<\/div>\n\t\t\t\t<\/div>\n\t\t\t\t\t<\/div>\n\t\t\t\t<\/div>\n\t\t\t\t<\/div>\n\t\t<div class=\"elementor-element elementor-element-511ed44 e-flex e-con-boxed e-con e-parent\" data-id=\"511ed44\" data-element_type=\"container\" data-e-type=\"container\" data-settings=\"{&quot;background_background&quot;:&quot;classic&quot;}\">\n\t\t\t\t\t<div class=\"e-con-inner\">\n\t\t<div class=\"elementor-element elementor-element-dffec16 e-con-full animated-slow e-flex elementor-invisible e-con e-child\" data-id=\"dffec16\" data-element_type=\"container\" data-e-type=\"container\" data-settings=\"{&quot;animation&quot;:&quot;fadeIn&quot;}\">\n\t\t\t\t<div class=\"elementor-element elementor-element-abc46ef elementor-arrows-position-inside elementor-pagination-position-outside elementor-widget elementor-widget-image-carousel\" data-id=\"abc46ef\" data-element_type=\"widget\" data-e-type=\"widget\" data-settings=\"{&quot;slides_to_show&quot;:&quot;1&quot;,&quot;navigation&quot;:&quot;both&quot;,&quot;autoplay&quot;:&quot;yes&quot;,&quot;pause_on_hover&quot;:&quot;yes&quot;,&quot;pause_on_interaction&quot;:&quot;yes&quot;,&quot;autoplay_speed&quot;:5000,&quot;infinite&quot;:&quot;yes&quot;,&quot;effect&quot;:&quot;slide&quot;,&quot;speed&quot;:500}\" data-widget_type=\"image-carousel.default\">\n\t\t\t\t<div class=\"elementor-widget-container\">\n\t\t\t\t\t\t\t<div class=\"elementor-image-carousel-wrapper swiper\" role=\"region\" aria-roledescription=\"carousel\" aria-label=\"Carrusel de im\u00e1genes\" dir=\"ltr\">\n\t\t\t<div class=\"elementor-image-carousel swiper-wrapper\" aria-live=\"off\">\n\t\t\t\t\t\t\t\t<div class=\"swiper-slide\" role=\"group\" aria-roledescription=\"slide\" aria-label=\"1 of 4\" data-no-translation-aria-label=\"\"><figure class=\"swiper-slide-inner\"><img decoding=\"async\" class=\"swiper-slide-image\" src=\"https:\/\/alpelopeluqueras.com\/wp-content\/uploads\/2025\/05\/Anadir-un-titulo-2025-05-15T091006.753-1.png\" alt=\"A\u00f1adir un t\u00edtulo - 2025-05-15T091006.753 (1)\" \/><\/figure><\/div><div class=\"swiper-slide\" role=\"group\" aria-roledescription=\"slide\" aria-label=\"2 of 4\" data-no-translation-aria-label=\"\"><figure class=\"swiper-slide-inner\"><img decoding=\"async\" class=\"swiper-slide-image\" src=\"https:\/\/alpelopeluqueras.com\/wp-content\/uploads\/2025\/05\/Anadir-un-titulo-2025-05-15T091006.753-2.png\" alt=\"A\u00f1adir un t\u00edtulo - 2025-05-15T091006.753 (2)\" \/><\/figure><\/div><div class=\"swiper-slide\" role=\"group\" aria-roledescription=\"slide\" aria-label=\"3 of 4\" data-no-translation-aria-label=\"\"><figure class=\"swiper-slide-inner\"><img decoding=\"async\" class=\"swiper-slide-image\" src=\"https:\/\/alpelopeluqueras.com\/wp-content\/uploads\/2025\/05\/Anadir-un-titulo-2025-05-15T090953.677-1.png\" alt=\"A\u00f1adir un t\u00edtulo - 2025-05-15T090953.677 (1)\" \/><\/figure><\/div><div class=\"swiper-slide\" role=\"group\" aria-roledescription=\"slide\" aria-label=\"4 of 4\" data-no-translation-aria-label=\"\"><figure class=\"swiper-slide-inner\"><img decoding=\"async\" class=\"swiper-slide-image\" src=\"https:\/\/alpelopeluqueras.com\/wp-content\/uploads\/2025\/05\/Anadir-un-titulo-2025-05-15T090953.677-2.png\" alt=\"A\u00f1adir un t\u00edtulo - 2025-05-15T090953.677 (2)\" \/><\/figure><\/div>\t\t\t<\/div>\n\t\t\t\t\t\t\t\t\t\t\t\t<div class=\"elementor-swiper-button elementor-swiper-button-prev\" role=\"button\" tabindex=\"0\">\n\t\t\t\t\t\t<svg aria-hidden=\"true\" class=\"e-font-icon-svg e-eicon-chevron-left\" viewbox=\"0 0 1000 1000\" xmlns=\"http:\/\/www.w3.org\/2000\/svg\"><path d=\"M646 125C629 125 613 133 604 142L308 442C296 454 292 471 292 487 292 504 296 521 308 533L604 854C617 867 629 875 646 875 663 875 679 871 692 858 704 846 713 829 713 812 713 796 708 779 692 767L438 487 692 225C700 217 708 204 708 187 708 171 704 154 692 142 675 129 663 125 646 125Z\"><\/path><\/svg>\t\t\t\t\t<\/div>\n\t\t\t\t\t<div class=\"elementor-swiper-button elementor-swiper-button-next\" role=\"button\" tabindex=\"0\">\n\t\t\t\t\t\t<svg aria-hidden=\"true\" class=\"e-font-icon-svg e-eicon-chevron-right\" viewbox=\"0 0 1000 1000\" xmlns=\"http:\/\/www.w3.org\/2000\/svg\"><path d=\"M696 533C708 521 713 504 713 487 713 471 708 454 696 446L400 146C388 133 375 125 354 125 338 125 325 129 313 142 300 154 292 171 292 187 292 204 296 221 308 233L563 492 304 771C292 783 288 800 288 817 288 833 296 850 308 863 321 871 338 875 354 875 371 875 388 867 400 854L696 533Z\"><\/path><\/svg>\t\t\t\t\t<\/div>\n\t\t\t\t\n\t\t\t\t\t\t\t\t\t<div class=\"swiper-pagination\"><\/div>\n\t\t\t\t\t\t\t\t\t<\/div>\n\t\t\t\t\t\t<\/div>\n\t\t\t\t<\/div>\n\t\t\t\t<\/div>\n\t\t<div class=\"elementor-element elementor-element-398c061 e-flex e-con-boxed elementor-invisible e-con e-child\" data-id=\"398c061\" data-element_type=\"container\" data-e-type=\"container\" data-settings=\"{&quot;background_background&quot;:&quot;classic&quot;,&quot;animation&quot;:&quot;fadeInRight&quot;}\">\n\t\t\t\t\t<div class=\"e-con-inner\">\n\t\t\t\t<div class=\"elementor-element elementor-element-90da229 elementor-invisible elementor-widget elementor-widget-heading\" data-id=\"90da229\" data-element_type=\"widget\" data-e-type=\"widget\" data-settings=\"{&quot;_animation&quot;:&quot;fadeIn&quot;}\" data-widget_type=\"heading.default\">\n\t\t\t\t<div class=\"elementor-widget-container\">\n\t\t\t\t\t<h2 class=\"elementor-heading-title elementor-size-default\">Gure historia<\/h2>\t\t\t\t<\/div>\n\t\t\t\t<\/div>\n\t\t\t\t<div class=\"elementor-element elementor-element-6acb6b8 elementor-widget elementor-widget-text-editor\" data-id=\"6acb6b8\" data-element_type=\"widget\" data-e-type=\"widget\" data-widget_type=\"text-editor.default\">\n\t\t\t\t<div class=\"elementor-widget-container\">\n\t\t\t\t\t\t\t\t\t<p>Nuestra historia nace de una pasi\u00f3n: hacer que cada persona se sienta bien con su imagen. Con m\u00e1s de 35 a\u00f1os de experiencia, ofrecemos un trato cercano y personalizado, adapt\u00e1ndonos a cada cliente y a su estilo.<\/p><p>Gure ile-apaindegian, tradizioa eta joera eskutik doaz. Eguneratuta gaude tekniketan, koloreetan eta ebaketetan, eta zure edertasun naturala hobekien sentitzen duzunarekin nabarmendu nahi dugu beti. Hona ez zatoz orraztera bakarrik, zu zaintzera zatoz.<\/p>\t\t\t\t\t\t\t\t<\/div>\n\t\t\t\t<\/div>\n\t\t\t\t\t<\/div>\n\t\t\t\t<\/div>\n\t\t\t\t\t<\/div>\n\t\t\t\t<\/div>\n\t\t<div class=\"elementor-element elementor-element-6526ed8 e-flex e-con-boxed e-con e-parent\" data-id=\"6526ed8\" data-element_type=\"container\" data-e-type=\"container\" data-settings=\"{&quot;background_background&quot;:&quot;classic&quot;}\">\n\t\t\t\t\t<div class=\"e-con-inner\">\n\t\t<div class=\"elementor-element elementor-element-e9b6b0e e-con-full e-flex e-con e-child\" data-id=\"e9b6b0e\" data-element_type=\"container\" data-e-type=\"container\" data-settings=\"{&quot;background_background&quot;:&quot;classic&quot;}\">\n\t\t\t\t<div class=\"elementor-element elementor-element-f050229 elementor-invisible elementor-widget elementor-widget-heading\" data-id=\"f050229\" data-element_type=\"widget\" data-e-type=\"widget\" data-settings=\"{&quot;_animation&quot;:&quot;fadeInDown&quot;}\" data-widget_type=\"heading.default\">\n\t\t\t\t<div class=\"elementor-widget-container\">\n\t\t\t\t\t<h2 class=\"elementor-heading-title elementor-size-default\">Look aldaketa bakoitzean aholkatzen, zaintzen eta laguntzen dizugu.<\/h2>\t\t\t\t<\/div>\n\t\t\t\t<\/div>\n\t\t\t\t<div class=\"elementor-element elementor-element-89b3e15 elementor-align-center animated-slow elementor-invisible elementor-widget elementor-widget-button\" data-id=\"89b3e15\" data-element_type=\"widget\" data-e-type=\"widget\" data-settings=\"{&quot;_animation&quot;:&quot;fadeIn&quot;}\" data-widget_type=\"button.default\">\n\t\t\t\t<div class=\"elementor-widget-container\">\n\t\t\t\t\t\t\t\t\t<div class=\"elementor-button-wrapper\">\n\t\t\t\t\t<a class=\"elementor-button elementor-button-link elementor-size-sm\" href=\"https:\/\/alpelopeluqueras.com\/eu\/servicio\/\">\n\t\t\t\t\t\t<span class=\"elementor-button-content-wrapper\">\n\t\t\t\t\t\t\t\t\t<span class=\"elementor-button-text\">Ikusi zerbitzuak<\/span>\n\t\t\t\t\t<\/span>\n\t\t\t\t\t<\/a>\n\t\t\t\t<\/div>\n\t\t\t\t\t\t\t\t<\/div>\n\t\t\t\t<\/div>\n\t\t\t\t<\/div>\n\t\t\t\t\t<\/div>\n\t\t\t\t<\/div>\n\t\t\t\t<\/div>","protected":false},"excerpt":{"rendered":"<p>Bienvenido a Peluquer\u00eda AL PELO Donde tu estilo se cuida con experiencia, mimo y mucha dedicaci\u00f3n. Nuestra Historia Nuestra historia nace de una pasi\u00f3n: hacer que cada persona se sienta bien con su imagen. Con m\u00e1s de 35 a\u00f1os de experiencia, ofrecemos un trato cercano y personalizado, adapt\u00e1ndonos a cada cliente y a su estilo. [&hellip;]<\/p>\n","protected":false},"author":1,"featured_media":0,"parent":0,"menu_order":0,"comment_status":"closed","ping_status":"closed","template":"elementor_canvas","meta":{"footnotes":""},"class_list":["post-2","page","type-page","status-publish","hentry"],"yoast_head":"<!-- This site is optimized with the Yoast SEO plugin v27.5 - https:\/\/yoast.com\/product\/yoast-seo-wordpress\/ -->\n<title>Inicio - Peluquer\u00eda AL PELO<\/title>\n<meta name=\"robots\" content=\"index, follow, max-snippet:-1, max-image-preview:large, max-video-preview:-1\" \/>\n<link rel=\"canonical\" href=\"https:\/\/alpelopeluqueras.com\/eu\/\" \/>\n<meta property=\"og:locale\" content=\"en_US\" \/>\n<meta property=\"og:type\" content=\"article\" \/>\n<meta property=\"og:title\" content=\"Inicio - Peluquer\u00eda AL PELO\" \/>\n<meta property=\"og:description\" content=\"Bienvenido a Peluquer\u00eda AL PELO Donde tu estilo se cuida con experiencia, mimo y mucha dedicaci\u00f3n. Nuestra Historia Nuestra historia nace de una pasi\u00f3n: hacer que cada persona se sienta bien con su imagen. Con m\u00e1s de 35 a\u00f1os de experiencia, ofrecemos un trato cercano y personalizado, adapt\u00e1ndonos a cada cliente y a su estilo. [&hellip;]\" \/>\n<meta property=\"og:url\" content=\"https:\/\/alpelopeluqueras.com\/eu\/\" \/>\n<meta property=\"og:site_name\" content=\"Peluquer\u00eda AL PELO\" \/>\n<meta property=\"article:modified_time\" content=\"2025-05-16T16:05:25+00:00\" \/>\n<meta property=\"og:image\" content=\"https:\/\/alpelopeluqueras.com\/wp-content\/uploads\/2025\/05\/Anadir-un-titulo-2025-05-15T091006.753-1.png\" \/>\n<meta name=\"twitter:card\" content=\"summary_large_image\" \/>\n<meta name=\"twitter:label1\" content=\"Est. reading time\" \/>\n\t<meta name=\"twitter:data1\" content=\"2 minutua\" \/>\n<script type=\"application\/ld+json\" class=\"yoast-schema-graph\">{\"@context\":\"https:\\\/\\\/schema.org\",\"@graph\":[{\"@type\":\"WebPage\",\"@id\":\"https:\\\/\\\/alpelopeluqueras.com\\\/\",\"url\":\"https:\\\/\\\/alpelopeluqueras.com\\\/\",\"name\":\"Inicio - Peluquer\u00eda AL PELO\",\"isPartOf\":{\"@id\":\"https:\\\/\\\/alpelopeluqueras.com\\\/#website\"},\"primaryImageOfPage\":{\"@id\":\"https:\\\/\\\/alpelopeluqueras.com\\\/#primaryimage\"},\"image\":{\"@id\":\"https:\\\/\\\/alpelopeluqueras.com\\\/#primaryimage\"},\"thumbnailUrl\":\"https:\\\/\\\/alpelopeluqueras.com\\\/wp-content\\\/uploads\\\/2025\\\/05\\\/Anadir-un-titulo-2025-05-15T091006.753-1.png\",\"datePublished\":\"2025-05-13T09:33:29+00:00\",\"dateModified\":\"2025-05-16T16:05:25+00:00\",\"breadcrumb\":{\"@id\":\"https:\\\/\\\/alpelopeluqueras.com\\\/#breadcrumb\"},\"inLanguage\":\"eu\",\"potentialAction\":[{\"@type\":\"ReadAction\",\"target\":[\"https:\\\/\\\/alpelopeluqueras.com\\\/\"]}]},{\"@type\":\"ImageObject\",\"inLanguage\":\"eu\",\"@id\":\"https:\\\/\\\/alpelopeluqueras.com\\\/#primaryimage\",\"url\":\"https:\\\/\\\/alpelopeluqueras.com\\\/wp-content\\\/uploads\\\/2025\\\/05\\\/Anadir-un-titulo-2025-05-15T091006.753-1.png\",\"contentUrl\":\"https:\\\/\\\/alpelopeluqueras.com\\\/wp-content\\\/uploads\\\/2025\\\/05\\\/Anadir-un-titulo-2025-05-15T091006.753-1.png\"},{\"@type\":\"BreadcrumbList\",\"@id\":\"https:\\\/\\\/alpelopeluqueras.com\\\/#breadcrumb\",\"itemListElement\":[{\"@type\":\"ListItem\",\"position\":1,\"name\":\"Portada\",\"item\":\"https:\\\/\\\/alpelopeluqueras.com\\\/\"},{\"@type\":\"ListItem\",\"position\":2,\"name\":\"Inicio\"}]},{\"@type\":\"WebSite\",\"@id\":\"https:\\\/\\\/alpelopeluqueras.com\\\/#website\",\"url\":\"https:\\\/\\\/alpelopeluqueras.com\\\/\",\"name\":\"Peluquer\u00eda AL PELO\",\"description\":\"Nuestra historia basada en una experiencia de m\u00e1s de 35 a\u00f1os con un trato personalizado y siempre en base a las \u00faltimas tendencias.\",\"potentialAction\":[{\"@type\":\"SearchAction\",\"target\":{\"@type\":\"EntryPoint\",\"urlTemplate\":\"https:\\\/\\\/alpelopeluqueras.com\\\/?s={search_term_string}\"},\"query-input\":{\"@type\":\"PropertyValueSpecification\",\"valueRequired\":true,\"valueName\":\"search_term_string\"}}],\"inLanguage\":\"eu\"}]}<\/script>\n<!-- \/ Yoast SEO plugin. -->","yoast_head_json":{"title":"Inicio - Peluquer\u00eda AL PELO","robots":{"index":"index","follow":"follow","max-snippet":"max-snippet:-1","max-image-preview":"max-image-preview:large","max-video-preview":"max-video-preview:-1"},"canonical":"https:\/\/alpelopeluqueras.com\/eu\/","og_locale":"en_US","og_type":"article","og_title":"Inicio - Peluquer\u00eda AL PELO","og_description":"Bienvenido a Peluquer\u00eda AL PELO Donde tu estilo se cuida con experiencia, mimo y mucha dedicaci\u00f3n. Nuestra Historia Nuestra historia nace de una pasi\u00f3n: hacer que cada persona se sienta bien con su imagen. Con m\u00e1s de 35 a\u00f1os de experiencia, ofrecemos un trato cercano y personalizado, adapt\u00e1ndonos a cada cliente y a su estilo. [&hellip;]","og_url":"https:\/\/alpelopeluqueras.com\/eu\/","og_site_name":"Peluquer\u00eda AL PELO","article_modified_time":"2025-05-16T16:05:25+00:00","og_image":[{"url":"https:\/\/alpelopeluqueras.com\/wp-content\/uploads\/2025\/05\/Anadir-un-titulo-2025-05-15T091006.753-1.png","type":"","width":"","height":""}],"twitter_card":"summary_large_image","twitter_misc":{"Est. reading time":"2 minutua"},"schema":{"@context":"https:\/\/schema.org","@graph":[{"@type":"WebPage","@id":"https:\/\/alpelopeluqueras.com\/","url":"https:\/\/alpelopeluqueras.com\/","name":"Inicio - Peluquer\u00eda AL PELO","isPartOf":{"@id":"https:\/\/alpelopeluqueras.com\/#website"},"primaryImageOfPage":{"@id":"https:\/\/alpelopeluqueras.com\/#primaryimage"},"image":{"@id":"https:\/\/alpelopeluqueras.com\/#primaryimage"},"thumbnailUrl":"https:\/\/alpelopeluqueras.com\/wp-content\/uploads\/2025\/05\/Anadir-un-titulo-2025-05-15T091006.753-1.png","datePublished":"2025-05-13T09:33:29+00:00","dateModified":"2025-05-16T16:05:25+00:00","breadcrumb":{"@id":"https:\/\/alpelopeluqueras.com\/#breadcrumb"},"inLanguage":"eu","potentialAction":[{"@type":"ReadAction","target":["https:\/\/alpelopeluqueras.com\/"]}]},{"@type":"ImageObject","inLanguage":"eu","@id":"https:\/\/alpelopeluqueras.com\/#primaryimage","url":"https:\/\/alpelopeluqueras.com\/wp-content\/uploads\/2025\/05\/Anadir-un-titulo-2025-05-15T091006.753-1.png","contentUrl":"https:\/\/alpelopeluqueras.com\/wp-content\/uploads\/2025\/05\/Anadir-un-titulo-2025-05-15T091006.753-1.png"},{"@type":"BreadcrumbList","@id":"https:\/\/alpelopeluqueras.com\/#breadcrumb","itemListElement":[{"@type":"ListItem","position":1,"name":"Portada","item":"https:\/\/alpelopeluqueras.com\/"},{"@type":"ListItem","position":2,"name":"Inicio"}]},{"@type":"WebSite","@id":"https:\/\/alpelopeluqueras.com\/#website","url":"https:\/\/alpelopeluqueras.com\/","name":"Peluquer\u00eda AL PELO","description":"Nuestra historia basada en una experiencia de m\u00e1s de 35 a\u00f1os con un trato personalizado y siempre en base a las \u00faltimas tendencias.","potentialAction":[{"@type":"SearchAction","target":{"@type":"EntryPoint","urlTemplate":"https:\/\/alpelopeluqueras.com\/?s={search_term_string}"},"query-input":{"@type":"PropertyValueSpecification","valueRequired":true,"valueName":"search_term_string"}}],"inLanguage":"eu"}]}},"_links":{"self":[{"href":"https:\/\/alpelopeluqueras.com\/eu\/wp-json\/wp\/v2\/pages\/2","targetHints":{"allow":["GET"]}}],"collection":[{"href":"https:\/\/alpelopeluqueras.com\/eu\/wp-json\/wp\/v2\/pages"}],"about":[{"href":"https:\/\/alpelopeluqueras.com\/eu\/wp-json\/wp\/v2\/types\/page"}],"author":[{"embeddable":true,"href":"https:\/\/alpelopeluqueras.com\/eu\/wp-json\/wp\/v2\/users\/1"}],"replies":[{"embeddable":true,"href":"https:\/\/alpelopeluqueras.com\/eu\/wp-json\/wp\/v2\/comments?post=2"}],"version-history":[{"count":370,"href":"https:\/\/alpelopeluqueras.com\/eu\/wp-json\/wp\/v2\/pages\/2\/revisions"}],"predecessor-version":[{"id":813,"href":"https:\/\/alpelopeluqueras.com\/eu\/wp-json\/wp\/v2\/pages\/2\/revisions\/813"}],"wp:attachment":[{"href":"https:\/\/alpelopeluqueras.com\/eu\/wp-json\/wp\/v2\/media?parent=2"}],"curies":[{"name":"wp","href":"https:\/\/api.w.org\/{rel}","templated":true}]}}